{"id":83500,"date":"2024-02-27T15:09:48","date_gmt":"2024-02-27T14:09:48","guid":{"rendered":"https:\/\/wewealth.therope.red\/terms-conditions-investitori"},"modified":"2024-03-06T16:26:49","modified_gmt":"2024-03-06T15:26:49","slug":"terms-conditions-investitori","status":"publish","type":"page","link":"https:\/\/wp.we-wealth.com\/en\/terms-conditions-investitori","title":{"rendered":"Termini e condizioni investitori"},"content":{"rendered":"\n<p>Per utilizzare i servizi della piattaforma di We Wealth \u00e8 necessario accettare i termini e le condizioni di questo accordo (&#8220;<strong>Accordo<\/strong>&#8220;).<\/p>\n\n\n\n<h3 class=\"wp-block-heading\"><strong>1. ACCESSO AI SERVIZI WE WEALTH<\/strong><\/h3>\n\n\n\n<p>We Wealth \u00e8 una piattaforma informativa e marketplace per consulenza in materia di wealth management (\u201cPiattaforma\u201d) ideata da, e di propriet\u00e0 esclusiva di, Voice of Wealth S.r.l. (\u201cWe Wealth\u201d). Con l\u2019accettazione del presente Accordo l\u2019utente (\u201cUtente\u201d) acquista il diritto di utilizzare i servizi della Piattaforma descritti al punto 2 (\u201cServizi\u201d), selezionati al momento della registrazione o in un momento successivo.<\/p>\n\n\n\n<p>L\u2019attivazione dei Servizi avverr\u00e0 all\u2019atto della registrazione dell\u2019Utente e del rispettivo account (\u201cAccount\u201d). La fruizione dei Servizi pu\u00f2 avvenire solo previa autenticazione dell\u2019Utente, con l\u2019utilizzo della propria user id e della password assegnate.<\/p>\n\n\n\n<p>In un momento successivo a quello della registrazione dell\u2019Account, l\u2019Utente pu\u00f2 aggiungere ai Servizi base immediatamente accessibili alla registrazione (\u201cServizi Base\u201d) ulteriori Servizi, visibili come disponibili sul sito We Wealth (\u201cSito\u201d) o nelle aree riservate dell\u2019Account (\u201cServizi Opzionali\u201d). L\u2019attivazione di taluni Servizi Opzionali \u00e8 condizionata all\u2019approvazione da parte di We Wealth, come eventualmente specificato nelle condizioni particolari di servizio (\u201cCondizioni Particolari di Servizio\u201d) applicabili ai Servizi Opzionali e consultabili sul Sito prima dell\u2019attivazione degli stessi. Una volta accettate, le Condizioni Particolari di Servizio diverranno parte integrante del presente Accordo.<\/p>\n\n\n\n<h3 class=\"wp-block-heading\"><strong>2. SERVIZI<\/strong><\/h3>\n\n\n\n<p><strong>2.1&nbsp;Servizi base<\/strong><\/p>\n\n\n\n<p><strong>A. Contenuti editoriali<\/strong><br>Ciascun Utente, una volta attivato l\u2019Account, accede automaticamente a una serie di servizi editoriali ed informativi sulla gestione del patrimonio (\u201c<strong>Servizi Editoriali<\/strong>\u201d). L\u2019accesso ai Servizi Editoriali \u00e8 altrimenti possibile mediante richiesta di accesso diretto attraverso i canali social media di WeWealth o altri mezzi messi a disposizione di quest\u2019ultima per consentire la fruizione dei soli Servizi Editoriali. In tal caso, si applicheranno esclusivamente le parti di questo Accordo che riguardano i Servizi Editoriali.<br>I Servizi Editoriali hanno una componente generalista e una componente pensata per soddisfare le esigenze specifiche dell\u2019Utente mediante un\u2019offerta di informazioni modulabile e personalizzabile in base alle caratteristiche del patrimonio e degli interessi dell\u2019Utente (\u201c<strong>Contenuti Personalizzati<\/strong>\u201d). L\u2019Utente ha la possibilit\u00e0 di fornire dettagli rispetto ai propri interessi e alle proprie esigenze di informazioni e consulenza al fine di ricevere Contenuti Personalizzati il pi\u00f9 possibile pertinenti rispetto alle sue caratteristiche, secondo quanto illustrato nell\u2019informativa sul trattamento dei dati personali. Al fine di ricevere i Contenuti Personalizzati, l\u2019Utente deve individuare almeno tre categorie al fine di ricevere Contenuti pertinenti ma pu\u00f2 incrementare il numero delle preferenze al fine di avere Contenuti maggiormente aderenti ai propri interessi e alle proprie necessit\u00e0. Le preferenze espresse in relazione ai Contenuti Personalizzati in fase di registrazione sono sempre modificabili nell\u2019area riservata all\u2019Utente nel proprio Account.<br>In assenza di indicazioni sulle proprie preferenze, o qualora le stesse venissero eliminate in un successivo momento, l\u2019Utente non ricever\u00e0 Contenuti Personalizzati e fruir\u00e0 dei Servizi Editoriali di base, con contenuti generalisti. L\u2019Utente pu\u00f2 disabilitare i Servizi Editoriali semplicemente chiedendo di non ricevere pi\u00f9 le rispettive newsletter, utilizzando la funzione apposita dentro l\u2019email inviata da WeWealth o attraverso le apposite funzioni dell\u2019Account. Il medesimo effetto potr\u00e0 essere ottenuto esercitando i diritti dell\u2019interessato alla cancellazione dei dati personali, alla limitazione del trattamento o di opposizione previsti nell\u2019informativa sul trattamento dei dati personali. I Contenuti Personalizzati e i Servizi Editoriali contengono espressioni ed opinioni dei rispettivi autori che non costituiscono pareri o servizi professionali.<br><br>I contenuti dei Servizi Editoriali, inclusi i Contenuti Personalizzati, sono frutto della discrezionalit\u00e0 tecnica ed editoriale dei rispetti autori.<\/p>\n\n\n\n<p><strong>B. Contatto con gli Esperti<\/strong><br>L\u2019Utente ha la possibilit\u00e0 di rivolgere quesiti in materia di gestione dei patrimoni, risparmi e investimenti (e tematiche correlate) alla comunit\u00e0 di esperti presenti sul Sito o altrimenti convenzionati con We Wealth (\u201cEsperti\u201d) e di scegliere, in base alle risposte ottenute, con quale Esperto essere successivamente messo in contatto per avere una consulenza personalizzata.<br>Il contatto con gli Esperti pu\u00f2 essere attivato sottoponendo un quesito attraverso il form apposito sul Sito o attraverso l\u2019opzione di accesso diretto eventualmente messa a disposizione di We Wealth.<br>Nel caso in cui gli Esperti rispondano a domande dell\u2019Utente attraverso il Sito, lo faranno sulla base di informazioni sommarie, preliminari e non specifiche, pertanto tali risposte non potranno essere considerate pareri o consulenze professionali.<br>We Wealth non impone restrizioni particolari rispetto ai contenuti delle domande fatta eccezione per il divieto di pubblicazione di domande i cui contenuti violino disposizioni di legge o diritti di terze parti. Poich\u00e9 l\u2019effettivo riscontro alla domanda dipende dai contenuti della stessa e dalla presenza di Esperti in grado di rispondere, non pu\u00f2 essere garantita risposta a ciascun quesito.<br>Il gradimento e l\u2019utilit\u00e0 delle risposte dipende da fattori esterni al controllo di We Wealth e pertanto non potranno avere alcuna rilevanza o impatto nel rapporto tra We Wealth e l\u2019Utente.<br>Una volta ottenuto riscontro al quesito, l\u2019Utente pu\u00f2 scegliere la risposta che meglio soddisfa le sue aspettative per essere messo in contatto con l\u2019Esperto che ha inviato tale risposta, al fine di confrontarsi con questo ed eventualmente conferire un incarico professionale. Nel caso i cui vi sia un solo Esperto a rispondere, la scelta potr\u00e0 solo riguardare quest\u2019ultimo mentre qualora l\u2019Utente ometta di individuare la risposta prescelta entro 48 ore dalla ricezione della stessa, sar\u00e0 We Wealth ad assegnare l\u2019Esperto in base al profilo dell\u2019Utente.<br>Il contatto con l\u2019Esperto prevede la comunicazione a questo del profilo dell\u2019Utente contenente le informazioni personali e patrimoniali indicate nell\u2019informativa sul trattamento dei dati personali (\u201c<strong>Profilo<\/strong>\u201d). Nel momento in cui l\u2019Utente richieder\u00e0 di essere messo in contatto con l\u2019Esperto individuato, WeWealth estrarr\u00e0 su mandato dell\u2019Utente le informazioni patrimoniali che lo riguardano dalle banche dati pubbliche e professionali affinch\u00e9 le stesse integrino il suo Profilo e siano con questo inviate al suddetto Esperto.<br>Il contatto con gli Esperti e l\u2019eventuale successiva consulenza avverranno al di fuori del Sito e indipendentemente da We Wealth, che \u00e8 totalmente estranea al rapporto che si instaura tra Esperto e Utente e che \u00e8 regolato dal mandato professionale e dalle applicabili norme di legge e deontologiche. Utilizzando il presente Servizio l\u2019Utente pertanto viene esclusivamente messo in contatto con un Esperto e non riceve consulenza o assistenza professionale attraverso il Sito o i Servizi.<\/p>\n\n\n\n<p><strong>2.2&nbsp;Servizi opzionali<\/strong><br>Accettando le specifiche Condizioni Particolari di Servizio l\u2019Utente potr\u00e0 attivare i Servizi Opzionali, che saranno disciplinati dalle stesse Condizioni Particolari di Servizio e dal presente Accordo, di cui le prime faranno parte integrante.<\/p>\n\n\n\n<h3 class=\"wp-block-heading\"><strong>3. OBBLIGHI DELL\u2019UTENTE<\/strong><\/h3>\n\n\n\n<p><strong>3.1<\/strong>&nbsp;L\u2019Utente si impegna a utilizzare la Piattaforma esclusivamente in conformit\u00e0 al presente Accordo e al solo fine di fruire dei Servizi. In particolare l\u2019Utente si impegna a:<br>(i)&nbsp;&nbsp;non rivendere a terzi i Servizi o comunque l\u2019utilizzo della Piattaforma;<br>(ii)&nbsp;&nbsp;non manomettere o retro-ingegnerizzare la Piattaforma;<br>(iii)&nbsp;&nbsp;non utilizzare i dati generati dalla Piattaforma per finalit\u00e0 diverse da quelle previste dall\u2019Accordo;<br>(iv)&nbsp;&nbsp;utilizzare il Sito, l\u2019App (quando attiva) o i Servizi nel caso in cui l\u2019Account dell\u2019Utente sia stato sospeso temporaneamente o definitivamente;<br>(v)&nbsp;&nbsp;comunicare a We Wealth o attraverso la Piattaforma, informazioni o dati falsi, inesatti, fuorvianti, o che comportino conseguenze pregiudizievoli per terze parti;<br>(vi)&nbsp;&nbsp;trasferire l\u2019Account o comunicare la user id e la password a soggetti terzi senza il preventivo consenso scritto di We Wealth;<br>(vii)&nbsp;&nbsp;diffondere virus, malware o qualsiasi altra tecnologia volta a danneggiare la Piattaforma, il Sito, gli apparati degli Utenti, a violare i diritti di We Wealth o degli altri Utenti o comunque ad impedire o turbare la fruizione dei Servizi da parte degli altri Utenti;<br>(viii)&nbsp;&nbsp;copiare, modificare o diffondere il contenuto della Piattaforma o delle informazioni proprietarie di We Wealth e\/o di terzi;<br>(ix)&nbsp;&nbsp;compiere qualsiasi azione che (ad insindacabile giudizio di We Wealth) possa causare un irragionevole sovraccarico di attivit\u00e0 delle infrastrutture tecnologiche relative alla Piattaforma;<br>(x) )&nbsp;&nbsp;usare qualsiasi meccanismo, software o procedimento che possa interferire con il corretto funzionamento della Piattaforma;<br>(xi)&nbsp;&nbsp;aggirare gli strumenti predisposti da We Wealth per garantire la sicurezza della Piattaforma e prevenire intrusioni o accessi da parte di utenze automatizzate non sollecitate (robot, spam, spiders, etc).<br><br><strong>3.2<\/strong>&nbsp;We Wealth potr\u00e0 respingere o rimuovere contenuti eventualmente forniti dall\u2019Utente che violino diritti di terze parti o che costituiscano violazione del presente Accordo e, al fine di proteggere i propri diritti e limitare le conseguenze negative delle violazioni commesse dall\u2019Utente, potr\u00e0 negare l\u2019ulteriore pubblicazione di contenuti o informazioni forniti dall\u2019Utente.<br><br><strong>3.3<\/strong>&nbsp;In caso di reiterazione di una violazione dell\u2019Accordo, We Wealth potr\u00e0 risolvere lo stesso e disattivare l\u2019Account dell\u2019Utente, impregiudicato ogni altro rimedio previsto dalla legge.<br><br><strong>3.4<\/strong>&nbsp;Per consentire a We Wealth di mantenere la Piattaforma a livelli di funzionalit\u00e0 ottimali e sicuri, l\u2019Utente si impegna a segnalare a We Wealth ogni problematica tecnica della Piattaforma di cui venisse a conoscenza sulla Piattaforma.<\/p>\n\n\n\n<h3 class=\"wp-block-heading\"><strong>4. CORRISPETTIVO PER I SERVIZI<\/strong><\/h3>\n\n\n\n<p><strong>4.1<\/strong>&nbsp;I Servizi Base sono gratuiti. L\u2019Utente \u00e8 tenuto a corrispondere il costo dei Servizi Opzionali prescelti, laddove applicabile, al momento dell\u2019attivazione degli stessi, secondo le indicazioni e istruzioni nel Sito e nelle Condizioni Particolari di Servizio.<br><br><strong>4.2<\/strong>&nbsp;La fruizione dei Servizi Opzionali per cui \u00e8 previsto un corrispettivo \u00e8 condizionata al previo integrale pagamento dello stesso per il periodo contrattuale di riferimento.<\/p>\n\n\n\n<h3 class=\"wp-block-heading\"><strong>5. PROPRIET\u00c0 INDUSTRIALE ED INTELLETTUALE &#8211; CONFIDENZIALIT\u00c0<\/strong><\/h3>\n\n\n\n<p><strong>5.1<\/strong>&nbsp;L\u2019Utente riconosce che<br>(i)&nbsp;&nbsp;il marchio \u201cWe Wealth\u201d nonch\u00e9 i nomi a dominio contenenti tale denominazione sono diritti di propriet\u00e0 industriale di cui We Wealth \u00e8 esclusivo titolare.<br>(ii)&nbsp;&nbsp;i diritti di propriet\u00e0 intellettuale e industriale sulla Piattaforma, sul software e sui database collegati alla Piattaforma, sulla App, sul Sito, sulle grafiche, il layout e il look and feel della Piattaforma, della App e del Sito sono di esclusiva titolarit\u00e0 di We Wealth.<br>(iii)&nbsp;&nbsp;il progetto We Wealth, il relativo know-how e tutte le informazioni di natura tecnica e commerciale connesse a tale progetto sono di propriet\u00e0 esclusiva di We Wealth.<br><br>e si impegna a non porre in essere alcuna violazione o turbativa dei suddetti diritti.<br><br><strong>5.2<\/strong>&nbsp;L\u2019Utente \u00e8 tenuto ad assumere tutte le misure idonee affinch\u00e9 le credenziali degli Account siano mantenute nella massima riservatezza ed assume la responsabilit\u00e0 per qualsiasi danno arrecato a We Wealth e\/o a terzi in dipendenza della mancata osservanza del predetto obbligo di segretezza. In caso di furto, smarrimento o perdita delle credenziali di accesso relative a un Account, l\u2019Utente si impegna ad informare tempestivamente We Wealth, che provveder\u00e0 alla fornitura di nuove password e user id e alla cancellazione di quelle vecchie. Le suddette user id e password sono utilizzabili esclusivamente dall\u2019Utente con esclusione di qualsiasi soggetto terzo. L\u2019Utente si impegna pertanto a non divulgare le suddette user id e password e le informazioni accessibili mediante le stesse credenziali di accesso e si impegna a non consentire l\u2019accesso ai sistemi di We Wealth a soggetti terzi.<\/p>\n\n\n\n<h3 class=\"wp-block-heading\"><strong>6. PROTEZIONE DEI DATI PERSONALI<\/strong><\/h3>\n\n\n\n<p>We Wealth tratta i tuoi dati personali in qualit\u00e0 di titolare del trattamento per consentirti di fruire dei Servizi, come indicato nell\u2019informativa sul trattamento dei dati personali.<br>La creazione del Profilo prevede la raccolta di dati relativi ai Contenuti Personalizzati consultati e alle pagine del Sito lette dall\u2019Utente e l\u2019estrazione \u2013 tramite banche dati pubbliche &#8211; di informazioni relative a partecipazioni, propriet\u00e0 immobiliari e cariche sociali dell\u2019Utente, che dovr\u00e0 autorizzare specificamente tale trattamento secondo quanto indicato nell\u2019informativa sul trattamento dei dati personali.<br>Qualora l\u2019Utente presti specifico consenso, WeWealth potr\u00e0 inviare comunicazioni commerciali di terze parti, come indicato nell\u2019informativa sul trattamento dei dati personali, in qualit\u00e0 di contitolare del trattamento.<\/p>\n\n\n\n<h3 class=\"wp-block-heading\"><strong>7. DURATA \u2013 RECESSO DELL&#8217;UTENTE \u2013 RISOLUZIONE DELL\u2019ACCORDO E CANCELLAZIONE DEGLI ACCOUNT<\/strong><\/h3>\n\n\n\n<p><strong>7.1<\/strong>&nbsp;Il presente Accordo \u00e8 efficace per tutta la durata dei Servizi che disciplina, in particolare:<br>(i)&nbsp;&nbsp;per quanto riguarda i Servizi Base, fino a quando l\u2019Utente non chieda la disattivazione dell\u2019Account restando inteso che, in ogni caso, WeWealth disattiver\u00e0 autonomamente tale Account decorsi 24 mesi dall\u2019ultimo accesso da parte dell\u2019Utente, in caso di inattivit\u00e0 dello stesso;<br>(ii)&nbsp;&nbsp;per quanto riguarda i Servizi Opzionali, per la durata prevista nelle Condizioni Particolari di Servizio e, in ogni caso, fino a quando l\u2019Utente avr\u00e0 attivi uno o pi\u00f9 Servizi Opzionali previo regolare versamento del corrispettivo previsto per gli stessi, ferma restando la cancellazione dell\u2019Account per inattivit\u00e0 prevista al precedente paragrafo.<br><br><strong>7.2<\/strong>&nbsp;L\u2019Utente ha facolt\u00e0 di recedere dall\u2019Accordo in qualsiasi momento chiedendo la disattivazione dell\u2019Account. Il recesso dell\u2019Utente non comporta alcun obbligo di rimborso di eventuali corrispettivi versati dall\u2019Utente per la quota residua del periodo contrattuale oggetto di rinuncia da parte dell\u2019Utente<br><br><strong>7.3<\/strong>&nbsp;Nel caso in cui un Utente reiteri una violazione del presente Accordo o commetta una violazione con effetti irreversibili a danno di We Wealth, quest\u2019ultima potr\u00e0 risolvere l\u2019Accordo disattivando l\u2019Account dell\u2019Utente.<br><br><strong>7.4<\/strong>&nbsp;Le obbligazioni di cui al punto 5 sopravvivranno alla cessazione dell\u2019Accordo.<\/p>\n\n\n\n<h3 class=\"wp-block-heading\"><strong>8. MODIFICHE DELL\u2019ACCORDO<\/strong><\/h3>\n\n\n\n<p>We Wealth si riserva la facolt\u00e0 di modificare il contenuto dell\u2019Accordo, pubblicando la nuova versione sul Sito, sull\u2019App e comunicandola via email all\u2019Utente. Salvo quando diversamente specificato, tutti i nuovi termini e condizioni dell&#8217;Accordo si riterranno accettati ed efficaci in assenza di recesso dell\u2019Utente entro 5 (cinque) giorni dalla data di ricevimento della suddetta e-mail dall\u2019Utente e comunque entro 10 (dieci) giorni dalla data di pubblicazione sul Sito e sull\u2019App, restando inteso che \u2013 successivamente &#8211; l\u2019Utente potr\u00e0 sempre recedere dall\u2019Accordo richiedendo la cancellazione dell\u2019Account ai sensi del punto 7.2.<br><br>Data aggiornamento: 15\/03\/23<\/p>\n","protected":false},"excerpt":{"rendered":"<p>Per utilizzare i servizi della piattaforma di We Wealth \u00e8 necessario accettare i termini e le condizioni di questo accordo (&#8220;Accordo&#8220;). 1. ACCESSO AI SERVIZI WE WEALTH We Wealth \u00e8 una piattaforma informativa e marketplace per consulenza in materia di wealth management (\u201cPiattaforma\u201d) ideata da, e di propriet\u00e0 esclusiva di, Voice of Wealth S.r.l. (\u201cWe [&hellip;]<\/p>\n","protected":false},"author":1,"featured_media":0,"parent":0,"menu_order":0,"comment_status":"closed","ping_status":"closed","template":"","meta":{"_acf_changed":false,"content-type":"","footnotes":""},"class_list":["post-83500","page","type-page","status-publish","hentry"],"acf":[],"yoast_head":"<!-- This site is optimized with the Yoast SEO plugin v26.1.1 - https:\/\/yoast.com\/wordpress\/plugins\/seo\/ -->\n<title>Termini e condizioni investitori | WeWealth<\/title>\n<meta name=\"robots\" content=\"noindex, follow, max-snippet:-1, max-image-preview:large, max-video-preview:-1\" \/>\n<meta property=\"og:locale\" content=\"en_US\" \/>\n<meta property=\"og:type\" content=\"article\" \/>\n<meta property=\"og:title\" content=\"Termini e condizioni investitori | WeWealth\" \/>\n<meta property=\"og:description\" content=\"Per utilizzare i servizi della piattaforma di We Wealth \u00e8 necessario accettare i termini e le condizioni di questo accordo (&#8220;Accordo&#8220;). 1. ACCESSO AI SERVIZI WE WEALTH We Wealth \u00e8 una piattaforma informativa e marketplace per consulenza in materia di wealth management (\u201cPiattaforma\u201d) ideata da, e di propriet\u00e0 esclusiva di, Voice of Wealth S.r.l. (\u201cWe [&hellip;]\" \/>\n<meta property=\"og:url\" content=\"https:\/\/wp.we-wealth.com\/en\/terms-conditions-investitori\" \/>\n<meta property=\"og:site_name\" content=\"WeWealth\" \/>\n<meta property=\"article:modified_time\" content=\"2024-03-06T15:26:49+00:00\" \/>\n<meta name=\"twitter:card\" content=\"summary_large_image\" \/>\n<meta name=\"twitter:label1\" content=\"Est. reading time\" \/>\n\t<meta name=\"twitter:data1\" content=\"12 minutes\" \/>\n<script type=\"application\/ld+json\" class=\"yoast-schema-graph\">{\"@context\":\"https:\/\/schema.org\",\"@graph\":[{\"@type\":\"WebPage\",\"@id\":\"https:\/\/wp.we-wealth.com\/en\/terms-conditions-investitori\",\"url\":\"https:\/\/wp.we-wealth.com\/en\/terms-conditions-investitori\",\"name\":\"Termini e condizioni investitori | WeWealth\",\"isPartOf\":{\"@id\":\"https:\/\/wp.we-wealth.com\/#website\"},\"datePublished\":\"2024-02-27T14:09:48+00:00\",\"dateModified\":\"2024-03-06T15:26:49+00:00\",\"breadcrumb\":{\"@id\":\"https:\/\/wp.we-wealth.com\/en\/terms-conditions-investitori#breadcrumb\"},\"inLanguage\":\"en-US\",\"potentialAction\":[{\"@type\":\"ReadAction\",\"target\":[\"https:\/\/wp.we-wealth.com\/en\/terms-conditions-investitori\"]}]},{\"@type\":\"BreadcrumbList\",\"@id\":\"https:\/\/wp.we-wealth.com\/en\/terms-conditions-investitori#breadcrumb\",\"itemListElement\":[{\"@type\":\"ListItem\",\"position\":1,\"name\":\"Home\",\"item\":\"https:\/\/wp.we-wealth.com\/en\"},{\"@type\":\"ListItem\",\"position\":2,\"name\":\"Termini e condizioni investitori\"}]},{\"@type\":\"WebSite\",\"@id\":\"https:\/\/wp.we-wealth.com\/#website\",\"url\":\"https:\/\/wp.we-wealth.com\/\",\"name\":\"We Wealth\",\"description\":\"\",\"potentialAction\":[{\"@type\":\"SearchAction\",\"target\":{\"@type\":\"EntryPoint\",\"urlTemplate\":\"https:\/\/wp.we-wealth.com\/?s={search_term_string}\"},\"query-input\":{\"@type\":\"PropertyValueSpecification\",\"valueRequired\":true,\"valueName\":\"search_term_string\"}}],\"inLanguage\":\"en-US\"}]}<\/script>\n<!-- \/ Yoast SEO plugin. -->","yoast_head_json":{"title":"Termini e condizioni investitori | WeWealth","robots":{"index":"noindex","follow":"follow","max-snippet":"max-snippet:-1","max-image-preview":"max-image-preview:large","max-video-preview":"max-video-preview:-1"},"og_locale":"en_US","og_type":"article","og_title":"Termini e condizioni investitori | WeWealth","og_description":"Per utilizzare i servizi della piattaforma di We Wealth \u00e8 necessario accettare i termini e le condizioni di questo accordo (&#8220;Accordo&#8220;). 1. ACCESSO AI SERVIZI WE WEALTH We Wealth \u00e8 una piattaforma informativa e marketplace per consulenza in materia di wealth management (\u201cPiattaforma\u201d) ideata da, e di propriet\u00e0 esclusiva di, Voice of Wealth S.r.l. (\u201cWe [&hellip;]","og_url":"https:\/\/wp.we-wealth.com\/en\/terms-conditions-investitori","og_site_name":"WeWealth","article_modified_time":"2024-03-06T15:26:49+00:00","twitter_card":"summary_large_image","twitter_misc":{"Est. reading time":"12 minutes"},"schema":{"@context":"https:\/\/schema.org","@graph":[{"@type":"WebPage","@id":"https:\/\/wp.we-wealth.com\/en\/terms-conditions-investitori","url":"https:\/\/wp.we-wealth.com\/en\/terms-conditions-investitori","name":"Termini e condizioni investitori | WeWealth","isPartOf":{"@id":"https:\/\/wp.we-wealth.com\/#website"},"datePublished":"2024-02-27T14:09:48+00:00","dateModified":"2024-03-06T15:26:49+00:00","breadcrumb":{"@id":"https:\/\/wp.we-wealth.com\/en\/terms-conditions-investitori#breadcrumb"},"inLanguage":"en-US","potentialAction":[{"@type":"ReadAction","target":["https:\/\/wp.we-wealth.com\/en\/terms-conditions-investitori"]}]},{"@type":"BreadcrumbList","@id":"https:\/\/wp.we-wealth.com\/en\/terms-conditions-investitori#breadcrumb","itemListElement":[{"@type":"ListItem","position":1,"name":"Home","item":"https:\/\/wp.we-wealth.com\/en"},{"@type":"ListItem","position":2,"name":"Termini e condizioni investitori"}]},{"@type":"WebSite","@id":"https:\/\/wp.we-wealth.com\/#website","url":"https:\/\/wp.we-wealth.com\/","name":"We Wealth","description":"","potentialAction":[{"@type":"SearchAction","target":{"@type":"EntryPoint","urlTemplate":"https:\/\/wp.we-wealth.com\/?s={search_term_string}"},"query-input":{"@type":"PropertyValueSpecification","valueRequired":true,"valueName":"search_term_string"}}],"inLanguage":"en-US"}]}},"_links":{"self":[{"href":"https:\/\/wp.we-wealth.com\/en\/wp-json\/wp\/v2\/pages\/83500","targetHints":{"allow":["GET"]}}],"collection":[{"href":"https:\/\/wp.we-wealth.com\/en\/wp-json\/wp\/v2\/pages"}],"about":[{"href":"https:\/\/wp.we-wealth.com\/en\/wp-json\/wp\/v2\/types\/page"}],"author":[{"embeddable":true,"href":"https:\/\/wp.we-wealth.com\/en\/wp-json\/wp\/v2\/users\/1"}],"replies":[{"embeddable":true,"href":"https:\/\/wp.we-wealth.com\/en\/wp-json\/wp\/v2\/comments?post=83500"}],"version-history":[{"count":1,"href":"https:\/\/wp.we-wealth.com\/en\/wp-json\/wp\/v2\/pages\/83500\/revisions"}],"predecessor-version":[{"id":83514,"href":"https:\/\/wp.we-wealth.com\/en\/wp-json\/wp\/v2\/pages\/83500\/revisions\/83514"}],"wp:attachment":[{"href":"https:\/\/wp.we-wealth.com\/en\/wp-json\/wp\/v2\/media?parent=83500"}],"curies":[{"name":"wp","href":"https:\/\/api.w.org\/{rel}","templated":true}]}}